{"id":668,"date":"2022-05-21T06:49:06","date_gmt":"2022-05-21T06:49:06","guid":{"rendered":"https:\/\/pandora-forscht.de\/?page_id=668"},"modified":"2024-01-25T06:53:52","modified_gmt":"2024-01-25T06:53:52","slug":"teilprojekt-1","status":"publish","type":"page","link":"https:\/\/pandora-forscht.de\/en\/teilprojekt-1\/","title":{"rendered":""},"content":{"rendered":"\n<div class=\"wp-block-media-text alignwide is-stacked-on-mobile\" style=\"grid-template-columns:27% auto\" id=\"StudieTP1M\"><figure class=\"wp-block-media-text__media\"><img loading=\"lazy\" decoding=\"async\" width=\"1021\" height=\"1024\" src=\"http:\/\/pandora-forscht.de\/wp-content\/uploads\/2022\/06\/shutterstock_1919908154-edited-1021x1024.jpg\" alt=\"\" class=\"wp-image-997 size-full\" srcset=\"https:\/\/pandora-forscht.de\/wp-content\/uploads\/2022\/06\/shutterstock_1919908154-edited-1021x1024.jpg 1021w, https:\/\/pandora-forscht.de\/wp-content\/uploads\/2022\/06\/shutterstock_1919908154-edited-300x300.jpg 300w, https:\/\/pandora-forscht.de\/wp-content\/uploads\/2022\/06\/shutterstock_1919908154-edited-150x150.jpg 150w, https:\/\/pandora-forscht.de\/wp-content\/uploads\/2022\/06\/shutterstock_1919908154-edited-768x770.jpg 768w, https:\/\/pandora-forscht.de\/wp-content\/uploads\/2022\/06\/shutterstock_1919908154-edited-1531x1536.jpg 1531w, https:\/\/pandora-forscht.de\/wp-content\/uploads\/2022\/06\/shutterstock_1919908154-edited-2041x2048.jpg 2041w\" sizes=\"auto, (max-width: 1021px) 100vw, 1021px\" \/><\/figure><div class=\"wp-block-media-text__content\">\n<h2 class=\"wp-block-heading\">Teilprojekt 1<\/h2>\n\n\n\n<p class=\"has-medium-font-size\">Die&nbsp;<strong>Hochschule f\u00fcr angewandte Wissenschaften Hamburg<\/strong>&nbsp;und die&nbsp;<strong>Universit\u00e4tsmedizin G\u00f6ttingen<\/strong>&nbsp;verfolgen zusammen das Ziel, relevante Wertekonflikte, die Patient*innenorganisationen sowie Patient*innen im Kontext von Digitalisierungsprojekten erfahren, zu verstehen. Darauf aufbauend sollen praktisch-ethische, soziale und kommunikative Strategien entwickelt werden. Diese Strategien sollten die Vermeidung von Wertekonflikte f\u00f6rdern sowie unterst\u00fctzen, die Interessen von Patient*innen bei Digitalisierungsprojekten zu vertreten. Hierzu werden Interviews sowie eine systematisch-ethische Analyse durchgef\u00fchrt. Die Ergebnisse dienen die Entwicklung einer Online-Umfrage (<a href=\"https:\/\/pandora-forscht.de\/teilprojekt-2\/\">Teilprojekt 2<\/a>) und werden in unterschiedlichen Formaten ver\u00f6ffentlicht, z.&nbsp;B. als wissenschaftliche Publikationen oder als Podcast f\u00fcr Patient*innen.<\/p>\n<\/div><\/div>\n\n\n\n<div class=\"wp-block-columns alignwide is-layout-flex wp-container-core-columns-is-layout-28f84493 wp-block-columns-is-layout-flex\" id=\"StudieTP1M\">\n<div class=\"wp-block-column is-layout-flow wp-block-column-is-layout-flow\" style=\"flex-basis:100%\">\n<div class=\"wp-block-columns is-layout-flex wp-container-core-columns-is-layout-28f84493 wp-block-columns-is-layout-flex\">\n<div class=\"wp-block-column is-layout-flow wp-block-column-is-layout-flow\">\n<h2 class=\"wp-block-heading\"><\/h2>\n\n\n\n<p><\/p>\n\n\n\n<h5 class=\"wp-block-heading\">Unsere empirische Studie mit Mitgliedern von Patient*innen- und Selbsthilfeorganisationen<\/h5>\n\n\n\n<p>Die erste Studie des <strong>Teilprojektes 1<\/strong> startete im September 2022 und ist bereits abgeschlossen. Die Studie besch\u00e4ftigt sich mit dem Thema <strong>&#8220;Ethik und Digitalisierung im Gesundheitswesen\u201c<\/strong>. Wir haben die Einstellungen, Erfahrungen und Einsch\u00e4tzungen zu Themen wie elektronische Patient*innenregister, Nutzung von Apps f\u00fcr das Gesundheitsmanagement und telemedizinische Angebote von Patient*innen erfasst. Daf\u00fcr haben wir zehn Patient*innen gesucht, die sich bewusst f\u00fcr eine Teilnahme an dem Register der eigenen Patient*innenorganisation oder Selbsthilfeorganisation entschieden haben und zehn Patient*innen, die sich bewusst dagegen entschieden haben.<\/p>\n\n\n\n<h5 class=\"wp-block-heading\">Unsere Stakeholder-Konferenz gemeinsam mit Vertretung von Patient*innen- und Selbsthilfeorganisationen<\/h5>\n\n\n\n<p>Ab Januar 2024 werden nationalweit Patient*innen- und Selbsthilfeorganisationen zur Stakeholder-Konferenz am 3. und 4. Juni 2024 in Hamburg eingeladen. Mehr dazu k\u00f6nnen Sie <a href=\"https:\/\/pandora-forscht.de\/stakeholder-konferenz\">hier<\/a> erfahren.<\/p>\n<\/div>\n<\/div>\n<\/div>\n<\/div>\n","protected":false},"excerpt":{"rendered":"<p>Teilprojekt 1 Die&nbsp;Hochschule f\u00fcr angewandte Wissenschaften Hamburg&nbsp;und die&nbsp;Universit\u00e4tsmedizin G\u00f6ttingen&nbsp;verfolgen zusammen das Ziel, relevante Wertekonflikte, die Patient*innenorganisationen sowie Patient*innen im Kontext von Digitalisierungsprojekten erfahren, zu verstehen. Darauf aufbauend sollen praktisch-ethische, soziale und kommunikative Strategien entwickelt werden. Diese Strategien sollten die Vermeidung von Wertekonflikte f\u00f6rdern sowie unterst\u00fctzen, die Interessen von Patient*innen bei [&hellip;]<\/p>\n","protected":false},"author":1,"featured_media":0,"parent":0,"menu_order":0,"comment_status":"closed","ping_status":"closed","template":"","meta":{"footnotes":""},"class_list":["post-668","page","type-page","status-publish","hentry"],"translation":{"provider":"WPGlobus","version":"3.0.2","language":"en","enabled_languages":["de","en"],"languages":{"de":{"title":false,"content":true,"excerpt":false},"en":{"title":false,"content":false,"excerpt":false}}},"_links":{"self":[{"href":"https:\/\/pandora-forscht.de\/en\/wp-json\/wp\/v2\/pages\/668","targetHints":{"allow":["GET"]}}],"collection":[{"href":"https:\/\/pandora-forscht.de\/en\/wp-json\/wp\/v2\/pages"}],"about":[{"href":"https:\/\/pandora-forscht.de\/en\/wp-json\/wp\/v2\/types\/page"}],"author":[{"embeddable":true,"href":"https:\/\/pandora-forscht.de\/en\/wp-json\/wp\/v2\/users\/1"}],"replies":[{"embeddable":true,"href":"https:\/\/pandora-forscht.de\/en\/wp-json\/wp\/v2\/comments?post=668"}],"version-history":[{"count":5,"href":"https:\/\/pandora-forscht.de\/en\/wp-json\/wp\/v2\/pages\/668\/revisions"}],"predecessor-version":[{"id":1678,"href":"https:\/\/pandora-forscht.de\/en\/wp-json\/wp\/v2\/pages\/668\/revisions\/1678"}],"wp:attachment":[{"href":"https:\/\/pandora-forscht.de\/en\/wp-json\/wp\/v2\/media?parent=668"}],"curies":[{"name":"wp","href":"https:\/\/api.w.org\/{rel}","templated":true}]}}