{"id":672,"date":"2022-05-21T06:52:08","date_gmt":"2022-05-21T06:52:08","guid":{"rendered":"https:\/\/pandora-forscht.de\/?page_id=672"},"modified":"2025-08-07T08:05:04","modified_gmt":"2025-08-07T08:05:04","slug":"teilprojekt-3","status":"publish","type":"page","link":"https:\/\/pandora-forscht.de\/en\/teilprojekt-3\/","title":{"rendered":""},"content":{"rendered":"\n<div class=\"wp-block-media-text alignwide is-stacked-on-mobile\" style=\"grid-template-columns:28% auto\"><figure class=\"wp-block-media-text__media\"><img loading=\"lazy\" decoding=\"async\" width=\"1024\" height=\"1024\" src=\"http:\/\/pandora-forscht.de\/wp-content\/uploads\/2022\/06\/shutterstock_1454552057-edited-1024x1024.jpg\" alt=\"\" class=\"wp-image-1001 size-full\" srcset=\"https:\/\/pandora-forscht.de\/wp-content\/uploads\/2022\/06\/shutterstock_1454552057-edited-1024x1024.jpg 1024w, https:\/\/pandora-forscht.de\/wp-content\/uploads\/2022\/06\/shutterstock_1454552057-edited-300x300.jpg 300w, https:\/\/pandora-forscht.de\/wp-content\/uploads\/2022\/06\/shutterstock_1454552057-edited-150x150.jpg 150w, https:\/\/pandora-forscht.de\/wp-content\/uploads\/2022\/06\/shutterstock_1454552057-edited-768x769.jpg 768w, https:\/\/pandora-forscht.de\/wp-content\/uploads\/2022\/06\/shutterstock_1454552057-edited-1534x1536.jpg 1534w, https:\/\/pandora-forscht.de\/wp-content\/uploads\/2022\/06\/shutterstock_1454552057-edited-2046x2048.jpg 2046w\" sizes=\"auto, (max-width: 1024px) 100vw, 1024px\" \/><\/figure><div class=\"wp-block-media-text__content\">\n<h2 class=\"wp-block-heading\">Subproject 3<\/h2>\n\n\n\n<p class=\"has-medium-font-size\">The&nbsp;<strong>University Medical Centre G\u00f6ttingen<\/strong>&nbsp;investigates how patient organizations perceive ethical problems of digitalization as well as how they attempt to solve these problems independently (called \u201cethical governance\u201d). In particular, the research team is responsible for conducting focus groups with representatives of patient organizations. The focus group discussions should help to better understand the perspective of patient organizations on issues of digitalization. The focus of the group discussions will be on what constitutes appropriate governance of digitization projects from the perspective of patient organizations. In addition, the University Medical Center G\u00f6ttingen also develops a catalog of criteria for the ethical evaluation of appropriate governance, which will be complemented by the teams of <a href=\"https:\/\/pandora-forscht.de\/en\/teilprojekt-1\/\">subproject 1<\/a> and <a href=\"https:\/\/pandora-forscht.de\/en\/teilprojekt-2\/\">subproject 2<\/a>.<\/p>\n\n\n\n<h5 class=\"wp-block-heading\">Contact<\/h5>\n\n\n\n<p>Prof. dr. Claudia Wiesemann<br>Marion Schmidt, PhD<br>Sara K\u00f6themann, M.A.<\/p>\n\n\n\n<p>Department of Medical Ethics and History of Medicine<br>University Medical Center G\u00f6ttingen<br>Humboldtallee 36<br>D-37073 G\u00f6ttingen, Germany<br>Telephone: 0551-3969006 (Secretariat, Frau Susanne G\u00fcnther-Fecke)<br>E-mail: sguenth@gwdg.de<\/p>\n<\/div><\/div>\n","protected":false},"excerpt":{"rendered":"<p>Subproject 3 The&nbsp;University Medical Centre G\u00f6ttingen&nbsp;investigates how patient organizations perceive ethical problems of digitalization as well as how they attempt to solve these problems independently (called \u201cethical governance\u201d). In particular, the research team is responsible for conducting focus groups with representatives of patient organizations. The focus group discussions should help [&hellip;]<\/p>\n","protected":false},"author":1,"featured_media":0,"parent":0,"menu_order":0,"comment_status":"closed","ping_status":"closed","template":"","meta":{"footnotes":""},"class_list":["post-672","page","type-page","status-publish","hentry"],"translation":{"provider":"WPGlobus","version":"3.0.2","language":"en","enabled_languages":["de","en"],"languages":{"de":{"title":false,"content":true,"excerpt":false},"en":{"title":false,"content":true,"excerpt":false}}},"_links":{"self":[{"href":"https:\/\/pandora-forscht.de\/en\/wp-json\/wp\/v2\/pages\/672","targetHints":{"allow":["GET"]}}],"collection":[{"href":"https:\/\/pandora-forscht.de\/en\/wp-json\/wp\/v2\/pages"}],"about":[{"href":"https:\/\/pandora-forscht.de\/en\/wp-json\/wp\/v2\/types\/page"}],"author":[{"embeddable":true,"href":"https:\/\/pandora-forscht.de\/en\/wp-json\/wp\/v2\/users\/1"}],"replies":[{"embeddable":true,"href":"https:\/\/pandora-forscht.de\/en\/wp-json\/wp\/v2\/comments?post=672"}],"version-history":[{"count":6,"href":"https:\/\/pandora-forscht.de\/en\/wp-json\/wp\/v2\/pages\/672\/revisions"}],"predecessor-version":[{"id":2575,"href":"https:\/\/pandora-forscht.de\/en\/wp-json\/wp\/v2\/pages\/672\/revisions\/2575"}],"wp:attachment":[{"href":"https:\/\/pandora-forscht.de\/en\/wp-json\/wp\/v2\/media?parent=672"}],"curies":[{"name":"wp","href":"https:\/\/api.w.org\/{rel}","templated":true}]}}